{"id":55,"date":"2024-02-13T12:17:56","date_gmt":"2024-02-13T17:17:56","guid":{"rendered":"https:\/\/arbrochu.agencearobas.ca\/accueil\/"},"modified":"2025-08-12T13:55:17","modified_gmt":"2025-08-12T17:55:17","slug":"home","status":"publish","type":"page","link":"https:\/\/arbrochu.agencearobas.ca\/fr\/","title":{"rendered":"Accueil"},"content":{"rendered":"","protected":false},"excerpt":{"rendered":"","protected":false},"author":1,"featured_media":0,"parent":0,"menu_order":0,"comment_status":"closed","ping_status":"closed","template":"","meta":{"_acf_changed":false,"footnotes":""},"class_list":["post-55","page","type-page","status-publish","hentry"],"acf":[],"yoast_head":"<!-- This site is optimized with the Yoast SEO plugin v25.7 - https:\/\/yoast.com\/wordpress\/plugins\/seo\/ -->\n<title>Entrepreneur g\u00e9n\u00e9ral en d\u00e9cors de cin\u00e9ma - A&amp;R Brochu Construction<\/title>\n<meta name=\"description\" content=\"Entrepreneur g\u00e9n\u00e9ral sp\u00e9cialis\u00e9 en construction de d\u00e9cors pour le cin\u00e9ma et l\u2019industrie audiovisuelle. D\u00e9couvrez comment nos \u00e9quipes mat\u00e9rialisent vos id\u00e9es.\" \/>\n<meta name=\"robots\" content=\"noindex, follow, max-snippet:-1, max-image-preview:large, max-video-preview:-1\" \/>\n<meta property=\"og:locale\" content=\"fr_CA\" \/>\n<meta property=\"og:type\" content=\"article\" \/>\n<meta property=\"og:title\" content=\"Entrepreneur g\u00e9n\u00e9ral en d\u00e9cors de cin\u00e9ma - A&amp;R Brochu Construction\" \/>\n<meta property=\"og:description\" content=\"Entrepreneur g\u00e9n\u00e9ral sp\u00e9cialis\u00e9 en construction de d\u00e9cors pour le cin\u00e9ma et l\u2019industrie audiovisuelle. D\u00e9couvrez comment nos \u00e9quipes mat\u00e9rialisent vos id\u00e9es.\" \/>\n<meta property=\"og:url\" content=\"https:\/\/arbrochu.agencearobas.ca\/fr\/\" \/>\n<meta property=\"og:site_name\" content=\"A&amp;R Brochu\" \/>\n<meta property=\"article:publisher\" content=\"https:\/\/www.facebook.com\/arbrochu\/\" \/>\n<meta property=\"article:modified_time\" content=\"2025-08-12T17:55:17+00:00\" \/>\n<meta property=\"og:image\" content=\"https:\/\/arbrochu.agencearobas.ca\/wp-content\/uploads\/2025\/08\/og-image-a-r-brochu-construction.jpg\" \/>\n\t<meta property=\"og:image:width\" content=\"1200\" \/>\n\t<meta property=\"og:image:height\" content=\"630\" \/>\n\t<meta property=\"og:image:type\" content=\"image\/jpeg\" \/>\n<meta name=\"twitter:card\" content=\"summary_large_image\" \/>\n<script type=\"application\/ld+json\" class=\"yoast-schema-graph\">{\"@context\":\"https:\/\/schema.org\",\"@graph\":[{\"@type\":\"WebPage\",\"@id\":\"https:\/\/arbrochu.agencearobas.ca\/fr\/\",\"url\":\"https:\/\/arbrochu.agencearobas.ca\/fr\/\",\"name\":\"Entrepreneur g\u00e9n\u00e9ral en d\u00e9cors de cin\u00e9ma - A&R Brochu Construction\",\"isPartOf\":{\"@id\":\"https:\/\/arbrochu.agencearobas.ca\/#website\"},\"datePublished\":\"2024-02-13T17:17:56+00:00\",\"dateModified\":\"2025-08-12T17:55:17+00:00\",\"description\":\"Entrepreneur g\u00e9n\u00e9ral sp\u00e9cialis\u00e9 en construction de d\u00e9cors pour le cin\u00e9ma et l\u2019industrie audiovisuelle. D\u00e9couvrez comment nos \u00e9quipes mat\u00e9rialisent vos id\u00e9es.\",\"breadcrumb\":{\"@id\":\"https:\/\/arbrochu.agencearobas.ca\/fr\/#breadcrumb\"},\"inLanguage\":\"fr-CA\",\"potentialAction\":[{\"@type\":\"ReadAction\",\"target\":[\"https:\/\/arbrochu.agencearobas.ca\/fr\/\"]}]},{\"@type\":\"BreadcrumbList\",\"@id\":\"https:\/\/arbrochu.agencearobas.ca\/fr\/#breadcrumb\",\"itemListElement\":[{\"@type\":\"ListItem\",\"position\":1,\"name\":\"Home\",\"item\":\"https:\/\/arbrochu.agencearobas.ca\/fr\/\"},{\"@type\":\"ListItem\",\"position\":2,\"name\":\"Accueil\"}]},{\"@type\":\"WebSite\",\"@id\":\"https:\/\/arbrochu.agencearobas.ca\/#website\",\"url\":\"https:\/\/arbrochu.agencearobas.ca\/\",\"name\":\"A&R Brochu Construction\",\"description\":\"Entrepreneur g\u00e9n\u00e9ral en d\u00e9cors de cin\u00e9ma\",\"publisher\":{\"@id\":\"https:\/\/arbrochu.agencearobas.ca\/#organization\"},\"potentialAction\":[{\"@type\":\"SearchAction\",\"target\":{\"@type\":\"EntryPoint\",\"urlTemplate\":\"https:\/\/arbrochu.agencearobas.ca\/?s={search_term_string}\"},\"query-input\":{\"@type\":\"PropertyValueSpecification\",\"valueRequired\":true,\"valueName\":\"search_term_string\"}}],\"inLanguage\":\"fr-CA\"},{\"@type\":\"Organization\",\"@id\":\"https:\/\/arbrochu.agencearobas.ca\/#organization\",\"name\":\"Les Entreprises A&R Brochu Construction\",\"url\":\"https:\/\/arbrochu.agencearobas.ca\/\",\"logo\":{\"@type\":\"ImageObject\",\"inLanguage\":\"fr-CA\",\"@id\":\"https:\/\/arbrochu.agencearobas.ca\/#\/schema\/logo\/image\/\",\"url\":\"https:\/\/arbrochu.agencearobas.ca\/wp-content\/uploads\/2025\/07\/logo-a-r-brochu-construction@2x.png\",\"contentUrl\":\"https:\/\/arbrochu.agencearobas.ca\/wp-content\/uploads\/2025\/07\/logo-a-r-brochu-construction@2x.png\",\"width\":702,\"height\":200,\"caption\":\"Les Entreprises A&R Brochu Construction\"},\"image\":{\"@id\":\"https:\/\/arbrochu.agencearobas.ca\/#\/schema\/logo\/image\/\"},\"sameAs\":[\"https:\/\/www.facebook.com\/arbrochu\/\",\"https:\/\/www.imdb.com\/search\/title\/?companies=co0075060\"]}]}<\/script>\n<!-- \/ Yoast SEO plugin. -->","yoast_head_json":{"title":"Entrepreneur g\u00e9n\u00e9ral en d\u00e9cors de cin\u00e9ma - A&R Brochu Construction","description":"Entrepreneur g\u00e9n\u00e9ral sp\u00e9cialis\u00e9 en construction de d\u00e9cors pour le cin\u00e9ma et l\u2019industrie audiovisuelle. D\u00e9couvrez comment nos \u00e9quipes mat\u00e9rialisent vos id\u00e9es.","robots":{"index":"noindex","follow":"follow","max-snippet":"max-snippet:-1","max-image-preview":"max-image-preview:large","max-video-preview":"max-video-preview:-1"},"og_locale":"fr_CA","og_type":"article","og_title":"Entrepreneur g\u00e9n\u00e9ral en d\u00e9cors de cin\u00e9ma - A&R Brochu Construction","og_description":"Entrepreneur g\u00e9n\u00e9ral sp\u00e9cialis\u00e9 en construction de d\u00e9cors pour le cin\u00e9ma et l\u2019industrie audiovisuelle. D\u00e9couvrez comment nos \u00e9quipes mat\u00e9rialisent vos id\u00e9es.","og_url":"https:\/\/arbrochu.agencearobas.ca\/fr\/","og_site_name":"A&R Brochu","article_publisher":"https:\/\/www.facebook.com\/arbrochu\/","article_modified_time":"2025-08-12T17:55:17+00:00","og_image":[{"width":1200,"height":630,"url":"https:\/\/arbrochu.agencearobas.ca\/wp-content\/uploads\/2025\/08\/og-image-a-r-brochu-construction.jpg","type":"image\/jpeg"}],"twitter_card":"summary_large_image","schema":{"@context":"https:\/\/schema.org","@graph":[{"@type":"WebPage","@id":"https:\/\/arbrochu.agencearobas.ca\/fr\/","url":"https:\/\/arbrochu.agencearobas.ca\/fr\/","name":"Entrepreneur g\u00e9n\u00e9ral en d\u00e9cors de cin\u00e9ma - A&R Brochu Construction","isPartOf":{"@id":"https:\/\/arbrochu.agencearobas.ca\/#website"},"datePublished":"2024-02-13T17:17:56+00:00","dateModified":"2025-08-12T17:55:17+00:00","description":"Entrepreneur g\u00e9n\u00e9ral sp\u00e9cialis\u00e9 en construction de d\u00e9cors pour le cin\u00e9ma et l\u2019industrie audiovisuelle. D\u00e9couvrez comment nos \u00e9quipes mat\u00e9rialisent vos id\u00e9es.","breadcrumb":{"@id":"https:\/\/arbrochu.agencearobas.ca\/fr\/#breadcrumb"},"inLanguage":"fr-CA","potentialAction":[{"@type":"ReadAction","target":["https:\/\/arbrochu.agencearobas.ca\/fr\/"]}]},{"@type":"BreadcrumbList","@id":"https:\/\/arbrochu.agencearobas.ca\/fr\/#breadcrumb","itemListElement":[{"@type":"ListItem","position":1,"name":"Home","item":"https:\/\/arbrochu.agencearobas.ca\/fr\/"},{"@type":"ListItem","position":2,"name":"Accueil"}]},{"@type":"WebSite","@id":"https:\/\/arbrochu.agencearobas.ca\/#website","url":"https:\/\/arbrochu.agencearobas.ca\/","name":"A&R Brochu Construction","description":"Entrepreneur g\u00e9n\u00e9ral en d\u00e9cors de cin\u00e9ma","publisher":{"@id":"https:\/\/arbrochu.agencearobas.ca\/#organization"},"potentialAction":[{"@type":"SearchAction","target":{"@type":"EntryPoint","urlTemplate":"https:\/\/arbrochu.agencearobas.ca\/?s={search_term_string}"},"query-input":{"@type":"PropertyValueSpecification","valueRequired":true,"valueName":"search_term_string"}}],"inLanguage":"fr-CA"},{"@type":"Organization","@id":"https:\/\/arbrochu.agencearobas.ca\/#organization","name":"Les Entreprises A&R Brochu Construction","url":"https:\/\/arbrochu.agencearobas.ca\/","logo":{"@type":"ImageObject","inLanguage":"fr-CA","@id":"https:\/\/arbrochu.agencearobas.ca\/#\/schema\/logo\/image\/","url":"https:\/\/arbrochu.agencearobas.ca\/wp-content\/uploads\/2025\/07\/logo-a-r-brochu-construction@2x.png","contentUrl":"https:\/\/arbrochu.agencearobas.ca\/wp-content\/uploads\/2025\/07\/logo-a-r-brochu-construction@2x.png","width":702,"height":200,"caption":"Les Entreprises A&R Brochu Construction"},"image":{"@id":"https:\/\/arbrochu.agencearobas.ca\/#\/schema\/logo\/image\/"},"sameAs":["https:\/\/www.facebook.com\/arbrochu\/","https:\/\/www.imdb.com\/search\/title\/?companies=co0075060"]}]}},"_links":{"self":[{"href":"https:\/\/arbrochu.agencearobas.ca\/fr\/wp-json\/wp\/v2\/pages\/55","targetHints":{"allow":["GET"]}}],"collection":[{"href":"https:\/\/arbrochu.agencearobas.ca\/fr\/wp-json\/wp\/v2\/pages"}],"about":[{"href":"https:\/\/arbrochu.agencearobas.ca\/fr\/wp-json\/wp\/v2\/types\/page"}],"author":[{"embeddable":true,"href":"https:\/\/arbrochu.agencearobas.ca\/fr\/wp-json\/wp\/v2\/users\/1"}],"replies":[{"embeddable":true,"href":"https:\/\/arbrochu.agencearobas.ca\/fr\/wp-json\/wp\/v2\/comments?post=55"}],"version-history":[{"count":5,"href":"https:\/\/arbrochu.agencearobas.ca\/fr\/wp-json\/wp\/v2\/pages\/55\/revisions"}],"predecessor-version":[{"id":421,"href":"https:\/\/arbrochu.agencearobas.ca\/fr\/wp-json\/wp\/v2\/pages\/55\/revisions\/421"}],"wp:attachment":[{"href":"https:\/\/arbrochu.agencearobas.ca\/fr\/wp-json\/wp\/v2\/media?parent=55"}],"curies":[{"name":"wp","href":"https:\/\/api.w.org\/{rel}","templated":true}]}}