{"id":61,"date":"2025-08-04T09:34:22","date_gmt":"2025-08-04T13:34:22","guid":{"rendered":"https:\/\/arbrochu.agencearobas.ca\/?page_id=61"},"modified":"2025-08-11T13:38:35","modified_gmt":"2025-08-11T17:38:35","slug":"usinage-cnc","status":"publish","type":"page","link":"https:\/\/arbrochu.agencearobas.ca\/fr\/usinage-cnc\/","title":{"rendered":"Usinage"},"content":{"rendered":"","protected":false},"excerpt":{"rendered":"","protected":false},"author":1,"featured_media":0,"parent":0,"menu_order":12,"comment_status":"closed","ping_status":"closed","template":"template-service.php","meta":{"_acf_changed":false,"footnotes":""},"class_list":["post-61","page","type-page","status-publish","hentry"],"acf":[],"yoast_head":"<!-- This site is optimized with the Yoast SEO plugin v25.7 - https:\/\/yoast.com\/wordpress\/plugins\/seo\/ -->\n<title>Service d\u2019usinage CNC et prototypage - A&amp;R Brochu<\/title>\n<meta name=\"description\" content=\"Usinage CNC 2D et 3D pour d\u00e9cors, structures et prototypes. Atelier \u00e9quip\u00e9 pour la d\u00e9coupe de pr\u00e9cision, le fraisage et l\u2019usinage 3 et 5 axes. Contactez-nous.\" \/>\n<meta name=\"robots\" content=\"noindex, follow, max-snippet:-1, max-image-preview:large, max-video-preview:-1\" \/>\n<meta property=\"og:locale\" content=\"fr_CA\" \/>\n<meta property=\"og:type\" content=\"article\" \/>\n<meta property=\"og:title\" content=\"Service d\u2019usinage CNC et prototypage - A&amp;R Brochu\" \/>\n<meta property=\"og:description\" content=\"Usinage CNC 2D et 3D pour d\u00e9cors, structures et prototypes. Atelier \u00e9quip\u00e9 pour la d\u00e9coupe de pr\u00e9cision, le fraisage et l\u2019usinage 3 et 5 axes. Contactez-nous.\" \/>\n<meta property=\"og:url\" content=\"https:\/\/arbrochu.agencearobas.ca\/fr\/usinage-cnc\/\" \/>\n<meta property=\"og:site_name\" content=\"A&amp;R Brochu\" \/>\n<meta property=\"article:publisher\" content=\"https:\/\/www.facebook.com\/arbrochu\/\" \/>\n<meta property=\"article:modified_time\" content=\"2025-08-11T17:38:35+00:00\" \/>\n<meta name=\"twitter:card\" content=\"summary_large_image\" \/>\n<script type=\"application\/ld+json\" class=\"yoast-schema-graph\">{\"@context\":\"https:\/\/schema.org\",\"@graph\":[{\"@type\":\"WebPage\",\"@id\":\"https:\/\/arbrochu.agencearobas.ca\/fr\/usinage-cnc\/\",\"url\":\"https:\/\/arbrochu.agencearobas.ca\/fr\/usinage-cnc\/\",\"name\":\"Service d\u2019usinage CNC et prototypage - A&R Brochu\",\"isPartOf\":{\"@id\":\"https:\/\/arbrochu.agencearobas.ca\/#website\"},\"datePublished\":\"2025-08-04T13:34:22+00:00\",\"dateModified\":\"2025-08-11T17:38:35+00:00\",\"description\":\"Usinage CNC 2D et 3D pour d\u00e9cors, structures et prototypes. Atelier \u00e9quip\u00e9 pour la d\u00e9coupe de pr\u00e9cision, le fraisage et l\u2019usinage 3 et 5 axes. Contactez-nous.\",\"breadcrumb\":{\"@id\":\"https:\/\/arbrochu.agencearobas.ca\/fr\/usinage-cnc\/#breadcrumb\"},\"inLanguage\":\"fr-CA\",\"potentialAction\":[{\"@type\":\"ReadAction\",\"target\":[\"https:\/\/arbrochu.agencearobas.ca\/fr\/usinage-cnc\/\"]}]},{\"@type\":\"BreadcrumbList\",\"@id\":\"https:\/\/arbrochu.agencearobas.ca\/fr\/usinage-cnc\/#breadcrumb\",\"itemListElement\":[{\"@type\":\"ListItem\",\"position\":1,\"name\":\"Home\",\"item\":\"https:\/\/arbrochu.agencearobas.ca\/fr\/\"},{\"@type\":\"ListItem\",\"position\":2,\"name\":\"Usinage\"}]},{\"@type\":\"WebSite\",\"@id\":\"https:\/\/arbrochu.agencearobas.ca\/#website\",\"url\":\"https:\/\/arbrochu.agencearobas.ca\/\",\"name\":\"A&R Brochu Construction\",\"description\":\"Entrepreneur g\u00e9n\u00e9ral en d\u00e9cors de cin\u00e9ma\",\"publisher\":{\"@id\":\"https:\/\/arbrochu.agencearobas.ca\/#organization\"},\"potentialAction\":[{\"@type\":\"SearchAction\",\"target\":{\"@type\":\"EntryPoint\",\"urlTemplate\":\"https:\/\/arbrochu.agencearobas.ca\/?s={search_term_string}\"},\"query-input\":{\"@type\":\"PropertyValueSpecification\",\"valueRequired\":true,\"valueName\":\"search_term_string\"}}],\"inLanguage\":\"fr-CA\"},{\"@type\":\"Organization\",\"@id\":\"https:\/\/arbrochu.agencearobas.ca\/#organization\",\"name\":\"Les Entreprises A&R Brochu Construction\",\"url\":\"https:\/\/arbrochu.agencearobas.ca\/\",\"logo\":{\"@type\":\"ImageObject\",\"inLanguage\":\"fr-CA\",\"@id\":\"https:\/\/arbrochu.agencearobas.ca\/#\/schema\/logo\/image\/\",\"url\":\"https:\/\/arbrochu.agencearobas.ca\/wp-content\/uploads\/2025\/07\/logo-a-r-brochu-construction@2x.png\",\"contentUrl\":\"https:\/\/arbrochu.agencearobas.ca\/wp-content\/uploads\/2025\/07\/logo-a-r-brochu-construction@2x.png\",\"width\":702,\"height\":200,\"caption\":\"Les Entreprises A&R Brochu Construction\"},\"image\":{\"@id\":\"https:\/\/arbrochu.agencearobas.ca\/#\/schema\/logo\/image\/\"},\"sameAs\":[\"https:\/\/www.facebook.com\/arbrochu\/\",\"https:\/\/www.imdb.com\/search\/title\/?companies=co0075060\"]}]}<\/script>\n<!-- \/ Yoast SEO plugin. -->","yoast_head_json":{"title":"Service d\u2019usinage CNC et prototypage - A&R Brochu","description":"Usinage CNC 2D et 3D pour d\u00e9cors, structures et prototypes. Atelier \u00e9quip\u00e9 pour la d\u00e9coupe de pr\u00e9cision, le fraisage et l\u2019usinage 3 et 5 axes. Contactez-nous.","robots":{"index":"noindex","follow":"follow","max-snippet":"max-snippet:-1","max-image-preview":"max-image-preview:large","max-video-preview":"max-video-preview:-1"},"og_locale":"fr_CA","og_type":"article","og_title":"Service d\u2019usinage CNC et prototypage - A&R Brochu","og_description":"Usinage CNC 2D et 3D pour d\u00e9cors, structures et prototypes. Atelier \u00e9quip\u00e9 pour la d\u00e9coupe de pr\u00e9cision, le fraisage et l\u2019usinage 3 et 5 axes. Contactez-nous.","og_url":"https:\/\/arbrochu.agencearobas.ca\/fr\/usinage-cnc\/","og_site_name":"A&R Brochu","article_publisher":"https:\/\/www.facebook.com\/arbrochu\/","article_modified_time":"2025-08-11T17:38:35+00:00","twitter_card":"summary_large_image","schema":{"@context":"https:\/\/schema.org","@graph":[{"@type":"WebPage","@id":"https:\/\/arbrochu.agencearobas.ca\/fr\/usinage-cnc\/","url":"https:\/\/arbrochu.agencearobas.ca\/fr\/usinage-cnc\/","name":"Service d\u2019usinage CNC et prototypage - A&R Brochu","isPartOf":{"@id":"https:\/\/arbrochu.agencearobas.ca\/#website"},"datePublished":"2025-08-04T13:34:22+00:00","dateModified":"2025-08-11T17:38:35+00:00","description":"Usinage CNC 2D et 3D pour d\u00e9cors, structures et prototypes. Atelier \u00e9quip\u00e9 pour la d\u00e9coupe de pr\u00e9cision, le fraisage et l\u2019usinage 3 et 5 axes. Contactez-nous.","breadcrumb":{"@id":"https:\/\/arbrochu.agencearobas.ca\/fr\/usinage-cnc\/#breadcrumb"},"inLanguage":"fr-CA","potentialAction":[{"@type":"ReadAction","target":["https:\/\/arbrochu.agencearobas.ca\/fr\/usinage-cnc\/"]}]},{"@type":"BreadcrumbList","@id":"https:\/\/arbrochu.agencearobas.ca\/fr\/usinage-cnc\/#breadcrumb","itemListElement":[{"@type":"ListItem","position":1,"name":"Home","item":"https:\/\/arbrochu.agencearobas.ca\/fr\/"},{"@type":"ListItem","position":2,"name":"Usinage"}]},{"@type":"WebSite","@id":"https:\/\/arbrochu.agencearobas.ca\/#website","url":"https:\/\/arbrochu.agencearobas.ca\/","name":"A&R Brochu Construction","description":"Entrepreneur g\u00e9n\u00e9ral en d\u00e9cors de cin\u00e9ma","publisher":{"@id":"https:\/\/arbrochu.agencearobas.ca\/#organization"},"potentialAction":[{"@type":"SearchAction","target":{"@type":"EntryPoint","urlTemplate":"https:\/\/arbrochu.agencearobas.ca\/?s={search_term_string}"},"query-input":{"@type":"PropertyValueSpecification","valueRequired":true,"valueName":"search_term_string"}}],"inLanguage":"fr-CA"},{"@type":"Organization","@id":"https:\/\/arbrochu.agencearobas.ca\/#organization","name":"Les Entreprises A&R Brochu Construction","url":"https:\/\/arbrochu.agencearobas.ca\/","logo":{"@type":"ImageObject","inLanguage":"fr-CA","@id":"https:\/\/arbrochu.agencearobas.ca\/#\/schema\/logo\/image\/","url":"https:\/\/arbrochu.agencearobas.ca\/wp-content\/uploads\/2025\/07\/logo-a-r-brochu-construction@2x.png","contentUrl":"https:\/\/arbrochu.agencearobas.ca\/wp-content\/uploads\/2025\/07\/logo-a-r-brochu-construction@2x.png","width":702,"height":200,"caption":"Les Entreprises A&R Brochu Construction"},"image":{"@id":"https:\/\/arbrochu.agencearobas.ca\/#\/schema\/logo\/image\/"},"sameAs":["https:\/\/www.facebook.com\/arbrochu\/","https:\/\/www.imdb.com\/search\/title\/?companies=co0075060"]}]}},"_links":{"self":[{"href":"https:\/\/arbrochu.agencearobas.ca\/fr\/wp-json\/wp\/v2\/pages\/61","targetHints":{"allow":["GET"]}}],"collection":[{"href":"https:\/\/arbrochu.agencearobas.ca\/fr\/wp-json\/wp\/v2\/pages"}],"about":[{"href":"https:\/\/arbrochu.agencearobas.ca\/fr\/wp-json\/wp\/v2\/types\/page"}],"author":[{"embeddable":true,"href":"https:\/\/arbrochu.agencearobas.ca\/fr\/wp-json\/wp\/v2\/users\/1"}],"replies":[{"embeddable":true,"href":"https:\/\/arbrochu.agencearobas.ca\/fr\/wp-json\/wp\/v2\/comments?post=61"}],"version-history":[{"count":1,"href":"https:\/\/arbrochu.agencearobas.ca\/fr\/wp-json\/wp\/v2\/pages\/61\/revisions"}],"predecessor-version":[{"id":391,"href":"https:\/\/arbrochu.agencearobas.ca\/fr\/wp-json\/wp\/v2\/pages\/61\/revisions\/391"}],"wp:attachment":[{"href":"https:\/\/arbrochu.agencearobas.ca\/fr\/wp-json\/wp\/v2\/media?parent=61"}],"curies":[{"name":"wp","href":"https:\/\/api.w.org\/{rel}","templated":true}]}}